{"id":168752,"date":"2021-12-21T08:03:33","date_gmt":"2021-12-21T07:03:33","guid":{"rendered":"https:\/\/www.hranazapse.si\/shop\/Bez kategorije\/canigum-relax\/"},"modified":"2021-12-21T08:03:33","modified_gmt":"2021-12-21T07:03:33","slug":"canigum-relax","status":"publish","type":"product","link":"https:\/\/www.hranazapse.si\/hr\/shop\/psi\/pasja-hrana\/dodaci-prehrani\/smirenje-stress\/canigum-relax\/","title":{"rendered":"CaniGum Relax"},"content":{"rendered":"<p><strong>Triptofan<\/strong> je aminokiselina va\u017ena pri lu\u010denju serotonina, te je prekursor melatonina. Triptofan ubla\u017eava utjecaj stressa na \u017eivotinju, smanjuje \u017eiv\u010danost i uzbu\u0111enje. <\/p>\n<p><strong>Magnezij<\/strong> odr\u017eava odgovaraju\u0107u vodljivost \u017eivaca. Manjak Mg o\u010dituje se kao slabost mi\u0161i\u0107a, \u010desti gr\u010devi i pretjerana uznemirenost. <\/p>\n<p><strong>Sastav:<\/strong><\/p>\n<p>meso i mesne proizvodi, glicerin, propilen glikol, glukozni sirup, ri\u017ein \u0161krob, magnezijev citrat 4 %, pa\u010dja mast, natrijev klorid. Dodaci na 1 kg: L-triptofan 25.000 mg, vitamin B1 500 mg, vitamin B2 250 mg, niacinamid 2.500 mg, vitamin B6 5.000 mg, folna kiselina 1.250 mg, vitamin B12 (cijanokobalamin) 2.500 \u00b5g, tinktura hmelja 10.000 mg, ekstrakt mati\u010dnjaka 10.000 mg, tinktura lavande 10.000 mg, ekstrakt kamilice 10.000 mg, ekstrakt valerijane 10.000 mg, lecitin 58.000 mg. <\/p>\n<p><strong>Doziranje:<\/strong><\/p>\n<p>pas do 10 kg: \u00bd tablets;<br \/>\nod 10-20 kg: 1 tablets;<br \/>\nod 20-30 kg: 1 \u00bd tablets;<br \/>\nod 30-40 kg: 2 tablets.<\/p>\n<p>&nbsp;<\/p>\n","protected":false},"excerpt":{"rendered":"Prirodni dodatak prehrani u obliku ukusnih poslastica. Sadr\u017ei triptofan u kombinaciji s valerijanom, mati\u010dnjakom i kamilicom. Djeluje umiruju\u0107e na sredi\u0161nji \u017eiv\u010dani sustav te time regulira i smanjuje razinu stressa, anksioznost i \u017eiv\u010danu napetost te poma\u017ee pri opu\u0161tanju. Posebno prikladno za ljubimce koji pokazuju stress i \u017eiv\u010danost u situacijama kao \u0161to su vatromet, grmljavina i putovanja.   ","protected":false},"featured_media":57455,"comment_status":"open","ping_status":"closed","template":"","meta":{"_acf_changed":false,"inline_featured_image":false},"product_cat":[3701,3688,3683,3920],"product_tag":[],"class_list":{"0":"post-168752","1":"product","2":"type-product","3":"status-publish","4":"has-post-thumbnail","6":"product_cat-dodaci-prehrani","7":"product_cat-pasja-hrana","8":"product_cat-psi","9":"product_cat-smirenje-stress","10":"pa_pakiranje-120g","11":"pa_posebne-potrebe-opce-zdravlje","12":"pa_posebne-potrebe-osjetljiv-ljubimac","13":"pa_posebne-potrebe-smirenje","15":"first","16":"instock","17":"taxable","18":"shipping-taxable","19":"purchasable","20":"product-type-variable"},"acf":[],"gallery_images":[],"_links":{"self":[{"href":"https:\/\/www.hranazapse.si\/hr\/wp-json\/wp\/v2\/product\/168752","targetHints":{"allow":["GET"]}}],"collection":[{"href":"https:\/\/www.hranazapse.si\/hr\/wp-json\/wp\/v2\/product"}],"about":[{"href":"https:\/\/www.hranazapse.si\/hr\/wp-json\/wp\/v2\/types\/product"}],"replies":[{"embeddable":true,"href":"https:\/\/www.hranazapse.si\/hr\/wp-json\/wp\/v2\/comments?post=168752"}],"wp:featuredmedia":[{"embeddable":true,"href":"https:\/\/www.hranazapse.si\/hr\/wp-json\/wp\/v2\/media\/57455"}],"wp:attachment":[{"href":"https:\/\/www.hranazapse.si\/hr\/wp-json\/wp\/v2\/media?parent=168752"}],"wp:term":[{"taxonomy":"product_cat","embeddable":true,"href":"https:\/\/www.hranazapse.si\/hr\/wp-json\/wp\/v2\/product_cat?post=168752"},{"taxonomy":"product_tag","embeddable":true,"href":"https:\/\/www.hranazapse.si\/hr\/wp-json\/wp\/v2\/product_tag?post=168752"}],"curies":[{"name":"wp","href":"https:\/\/api.w.org\/{rel}","templated":true}]}}