{"id":169356,"date":"2015-06-18T19:17:13","date_gmt":"2015-06-18T17:17:13","guid":{"rendered":"https:\/\/www.hranazapse.si\/shop\/Bez kategorije\/monge-dog-puppy-junior-mini\/"},"modified":"2015-06-18T19:17:13","modified_gmt":"2015-06-18T17:17:13","slug":"monge-dog-puppy-junior-mini","status":"publish","type":"product","link":"https:\/\/www.hranazapse.si\/hr\/shop\/psi\/pasja-hrana\/suha-hrana-za-pse\/monge-dog-puppy-junior-mini\/","title":{"rendered":"Monge Dog Puppy &#038; Junior Mini"},"content":{"rendered":"<p>Proizvedeno u Italy, bez genetski modificiranih organizama, bojila, poja\u010diva\u010da okusa i kemijskih konzervansa.<\/p>\n<p><strong>Sastojci: <\/strong>pile\u0107e meso (svje\u017ee najmanje 10 % i dehidrirano najmanje 32 %), ri\u017ea (najmanje 27 %), kukuruz, pile\u0107e ulje, meso repe, zob, pivski kvasac, jajno bra\u0161no, bra\u0161no haringe, riblje ulje, Yucca Schidigera, cistin, frukto-oligo-saharidi, morske alge, natrijev klorid, kolin klorid, vitamin C, inozin, tiamin mononitrat (vitamin B1), riboflavin (vitamin B2), piridoksin hidroklorid (vitamin B6), kobalamin (vitamin B12), d-pantotenska kiselina, biotin (vitamin H), niacin (vitamin PP), folna kiselina, hondroitin, glukozamin, \u017eeljezo (\u017eeljezni karbonat), cink (cinkov oksid), mangan (manganov oksid), jod (kalijev jodid), selen (natrijev selenit).<\/p>\n<p><strong>Sadr\u017eaj analiti\u010dkih sastojaka:<\/strong> vlaga: 8,00 %; sirove bjelan\u010devine: 30,00 %; sirove masti: 18,00 %; sirova vlakna: 2,50 %; sirovi pepeo: 7,00 %; kalcij: 1,35 %; fosfor: 0,90 %; linolna kiselina: 1,90 %.<\/p>\n<p><strong>Dodani vitamini \u2013 minerali (za kg proizvoda):<\/strong> vitamin A: 22.500 I.J.; vitamin D3: 1.500 I.J.; vitamin E (alfa-tokoferol najmanje 91 %): 150 mg; bakar (bakrov sulfat pentahidrat): 25 mg.<\/p>\n","protected":false},"excerpt":{"rendered":"Lako probavljiva hrana s ukusnom piletinom stvorena za potrebe puppyja malih pasmina. Glavni sastojak je piletina, oboga\u0107ena XOS-om (ksilo-oligosaharidima), posljednjom generacijom prebiotika koji odr\u017eavaju dobru crijevnu floru. Sadr\u017ei ekstrakte arti\u010doke, origana i \u010de\u0161njaka koji podr\u017eavaju imunolo\u0161ki sustav i \u0161tite jetru. Dodani hondroitin, glukozamin, kalcij i fosfor poma\u017eu u razvoju kostiju i zglobova te omogu\u0107uju optimalnu pokretljivost. Zahvaljuju\u0107i kvalitetnim sastojcima, Monge Naturale Superpremium osigurava zdrav rast i razvoj tvog ljubimca.    ","protected":false},"featured_media":30177,"comment_status":"open","ping_status":"closed","template":"","meta":{"_acf_changed":false,"inline_featured_image":false},"product_cat":[3787,3688,3788,3683,3745],"product_tag":[],"class_list":{"0":"post-169356","1":"product","2":"type-product","3":"status-publish","4":"has-post-thumbnail","6":"product_brand-monge","7":"product_cat-akcije","8":"product_cat-pasja-hrana","9":"product_cat-posebne-mjesecne-akcije","10":"product_cat-psi","11":"product_cat-suha-hrana-za-pse","12":"pa_pakiranje-3-kg","13":"pa_pakiranje-800-g","14":"pa_posebne-potrebe-gravidne-i-dojilje","15":"pa_posebne-potrebe-podrska-probavi","16":"pa_posebne-potrebe-podrska-zglobovima","17":"pa_starostno-obdobje-macici","18":"pa_velikost-pasme-mali","19":"pa_zivalska-beljakovina-piletina","20":"pa_zivalska-beljakovina-riba","22":"first","23":"instock","24":"taxable","25":"shipping-taxable","26":"purchasable","27":"product-type-variable"},"acf":[],"gallery_images":[],"_links":{"self":[{"href":"https:\/\/www.hranazapse.si\/hr\/wp-json\/wp\/v2\/product\/169356","targetHints":{"allow":["GET"]}}],"collection":[{"href":"https:\/\/www.hranazapse.si\/hr\/wp-json\/wp\/v2\/product"}],"about":[{"href":"https:\/\/www.hranazapse.si\/hr\/wp-json\/wp\/v2\/types\/product"}],"replies":[{"embeddable":true,"href":"https:\/\/www.hranazapse.si\/hr\/wp-json\/wp\/v2\/comments?post=169356"}],"wp:featuredmedia":[{"embeddable":true,"href":"https:\/\/www.hranazapse.si\/hr\/wp-json\/wp\/v2\/media\/30177"}],"wp:attachment":[{"href":"https:\/\/www.hranazapse.si\/hr\/wp-json\/wp\/v2\/media?parent=169356"}],"wp:term":[{"taxonomy":"product_cat","embeddable":true,"href":"https:\/\/www.hranazapse.si\/hr\/wp-json\/wp\/v2\/product_cat?post=169356"},{"taxonomy":"product_tag","embeddable":true,"href":"https:\/\/www.hranazapse.si\/hr\/wp-json\/wp\/v2\/product_tag?post=169356"}],"curies":[{"name":"wp","href":"https:\/\/api.w.org\/{rel}","templated":true}]}}