{"id":169374,"date":"2015-06-18T19:10:03","date_gmt":"2015-06-18T17:10:03","guid":{"rendered":"https:\/\/www.hranazapse.si\/shop\/Bez kategorije\/monge-dog-puppy-junior-medium\/"},"modified":"2015-06-18T19:10:03","modified_gmt":"2015-06-18T17:10:03","slug":"monge-dog-puppy-junior-medium","status":"publish","type":"product","link":"https:\/\/www.hranazapse.si\/hr\/shop\/psi\/pasja-hrana\/suha-hrana-za-pse\/monge-dog-puppy-junior-medium\/","title":{"rendered":"Monge Dog Puppy &#038; Junior Medium"},"content":{"rendered":"<p>Proizvedeno u Italiji, bez genetski modificiranih organizama, bojila, poja\u010diva\u010da okusa i kemijskih konzervansa.<\/p>\n<p><strong>Sastojci: <\/strong>piletina (svje\u017ea najmanje 10% i dehidrirana najmanje 32%), sme\u0111a ri\u017ea (najmanje 25%), kukuruz, pile\u0107e ulje, repina pulpa, pivski kvasac, kukuruzni gluten, hidrolizirani proteini pile\u0107e jetre, zob, cijela jaja, meso lososa, lososovo ulje, vitamini, mineralne tvari, kolin klorid, kondroitin, glukozamin, MSM, DL-metionin, prirodni ekstrakt kestena, fruktooligosaharidi, mananoligosaharidi, ekstrakt juke, spirulina, vitamin C, vitamin E, L-karnitin.<\/p>\n<p><strong>Analiti\u010dki sastav: <\/strong>sirove bjelan\u010devine 29,00%, sirova ulja i masti 18%, sirova vlaknina 2,00%, sirovi pepeo 7,50%, kalcij 1,50%, fosfor 1,00%, omega 6 osnovne masne kiseline 5,20%, omega 3 osnovne masne kiseline 0,80%.<\/p>\n<p><strong>Nutritivni dodaci po kg:<\/strong> Vitamin A (kao retinil acetat) 26.000 U.I., vitamin D3 (kao kolekalciferol) 1.820 U.I., vitamin E (sve alfa-tokoferol acetat) 200 mg, vitamin B1 (tiamin nitrat) 20 mg, vitamin B2 (riboflavin) 25 mg, vitamin B6 (piridoksin hidroklorid) 12 mg, vitamin B12 240 mg, vitamin H (biotin) 32 mg, vitamin PP (niacin) 50 mg, vitamin C 175 mg, pantotenska kiselina 30 mg, folna kiselina 2,8 mg, kolin klorid 3.200 mg, inozitol 6 mg, manganov sulfat monohidrat 100 mg (mangan 32 mg), cinkov oksid 210 mg (cink 150 mg), bakrov sulfat pentahidrat 52 mg (bakar 13 mg), \u017eeljezov sulfat monohidrat 360 mg (\u017eeljezo 110 mg), natrijev selenit 0,50 mg (selen 0,20 mg), bezvodni kalcijev jodat 2,70 mg (jod 1,80 mg).<\/p>\n<p><strong>Tehnolo\u0161ki dodaci po kg: <\/strong>MSM (metilsulfonilmetan) 500 mg, glukozamin 500 mg, kondroitin sulfat 325 mg. Aminokisline po kg: L-karnitin 50%: 140 mg, tehni\u010dki \u010dist DL-metionin 7,20 g. Antioksidansi: ekstrakt ru\u017emarina.  <\/p>\n<p><strong>Energetska vrijednost:<\/strong> 4.200 kcal\/kg.<\/p>\n","protected":false},"excerpt":{"rendered":"Lako probavljiva hrana s ukusnom piletinom stvorena za potrebe \u0161tenaca srednje velikih pasmina. Glavni sastojak je piletina, oboga\u0107ena XOS-om (ksilo-oligosaharidima), najnovijom generacijom prebiotika koji odr\u017eavaju zdravu crijevnu floru. Sadr\u017ei ekstrakte arti\u010doke, origana i \u010de\u0161njaka koji pru\u017eaju podr\u0161ku imunolo\u0161kom sustavu i \u0161tite jetru. Dodani kondroitin, glukozamin, kalcij i fosfor poma\u017eu u razvoju kostiju i zglobova te omogu\u0107uju optimalnu pokretljivost. Zahvaljuju\u0107i kvalitetnim sastojcima, Monge Natural Superpremium osigurava zdrav rast i razvoj tvog ljubimca.    ","protected":false},"featured_media":30174,"comment_status":"open","ping_status":"closed","template":"","meta":{"_acf_changed":false,"inline_featured_image":false},"product_cat":[3787,3688,3788,3683,3745],"product_tag":[],"class_list":{"0":"post-169374","1":"product","2":"type-product","3":"status-publish","4":"has-post-thumbnail","6":"product_brand-monge","7":"product_cat-akcije","8":"product_cat-pasja-hrana","9":"product_cat-posebne-mjesecne-akcije","10":"product_cat-psi","11":"product_cat-suha-hrana-za-pse","12":"pa_pakiranje-15-kg-2","13":"pa_pakiranje-2x15-kg","14":"pa_pakiranje-3-kg","15":"pa_posebne-potrebe-gravidne-i-dojilje","16":"pa_posebne-potrebe-podrska-probavi","17":"pa_posebne-potrebe-podrska-zglobovima","18":"pa_starostno-obdobje-macici","19":"pa_velikost-pasme-srednji","20":"pa_zivalska-beljakovina-piletina","21":"pa_zivalska-beljakovina-riba","23":"first","24":"instock","25":"taxable","26":"shipping-taxable","27":"purchasable","28":"product-type-variable"},"acf":[],"gallery_images":[],"_links":{"self":[{"href":"https:\/\/www.hranazapse.si\/hr\/wp-json\/wp\/v2\/product\/169374","targetHints":{"allow":["GET"]}}],"collection":[{"href":"https:\/\/www.hranazapse.si\/hr\/wp-json\/wp\/v2\/product"}],"about":[{"href":"https:\/\/www.hranazapse.si\/hr\/wp-json\/wp\/v2\/types\/product"}],"replies":[{"embeddable":true,"href":"https:\/\/www.hranazapse.si\/hr\/wp-json\/wp\/v2\/comments?post=169374"}],"wp:featuredmedia":[{"embeddable":true,"href":"https:\/\/www.hranazapse.si\/hr\/wp-json\/wp\/v2\/media\/30174"}],"wp:attachment":[{"href":"https:\/\/www.hranazapse.si\/hr\/wp-json\/wp\/v2\/media?parent=169374"}],"wp:term":[{"taxonomy":"product_cat","embeddable":true,"href":"https:\/\/www.hranazapse.si\/hr\/wp-json\/wp\/v2\/product_cat?post=169374"},{"taxonomy":"product_tag","embeddable":true,"href":"https:\/\/www.hranazapse.si\/hr\/wp-json\/wp\/v2\/product_tag?post=169374"}],"curies":[{"name":"wp","href":"https:\/\/api.w.org\/{rel}","templated":true}]}}