{"id":169587,"date":"2015-02-04T15:31:25","date_gmt":"2015-02-04T14:31:25","guid":{"rendered":"https:\/\/www.hranazapse.si\/shop\/Bez kategorije\/nd-neutered-prime-chicken-pomegranate\/"},"modified":"2015-02-04T15:31:25","modified_gmt":"2015-02-04T14:31:25","slug":"nd-neutered-prime-chicken-pomegranate","status":"publish","type":"product","link":"https:\/\/www.hranazapse.si\/hr\/shop\/macke\/hrana-za-macke\/suha-hrana-za-macke\/nd-neutered-prime-chicken-pomegranate\/","title":{"rendered":"N&#038;D Neutered Prime Chicken &#038; Pomegranate"},"content":{"rendered":"<p><strong>Sastav:<\/strong> Svje\u017ee pile\u0107e meso bez kostiju (30%), su\u0161eno pile\u0107e meso (28%), krumpir, pile\u0107a mast, dehidrirana cijela jaja, svje\u017ea haringa, su\u0161ena haringa, riblje ulje, hidrolizirane \u017eivotinjske bjelan\u010devine, gra\u0161kova vlakna, su\u0161ena mrkva, su\u0161ena lucerna, inulin, fruktooligosaharidi, manan-oligosaharidi, su\u0161eni nar (0.5%), su\u0161ena jabuka, su\u0161eni \u0161pinat, trputac (0.3%), su\u0161eni crni ribiz, su\u0161ena slatka naran\u010da, su\u0161ene borovnice, natrijev klorid, su\u0161eni pivski kvasac, korijen kurkume (0.2%), glukozamin, kondroitin sulfat, ekstrakt nevena (izvor luteina).<\/p>\n<p><strong>Nutritivne tvari po kg:<\/strong> Vitamin A 18000IU; Vitamin D3 1200IU; Vitamin E 600mg; Vitamin C 300mg; Niacin 150mg; pantotenska kiselina 50mg; Vitamin B2 20mg; Vitamin B6 8.1mg; Vitamin B1 10mg; Vitamin H 1.5mg; folna kiselina 1.5mg; Vitamin B12 0.1mg; kolin klorid 2800mg; Betakaroten 1.5mg; cinkov kelat hidroksilaze analognog metionina 910mg; manganov kelat hidroksilaze analognog metionina 380mg; \u017eeljezni kelat glicin hidrata 250mg; bakreni kelat hidroksilaze analognog metionina 88mg; selenov metionin 0.40mg; DL-metionin 5000mg; Taurine 5000mg; L-karnitin 400mg.<\/p>\n<p><strong>Organolepti\u010dki aditivi:<\/strong> ekstrakt aloe vere 1000mg; ekstrakt zelenog \u010daja 100mg; ekstrakt ru\u017emarina.<\/p>\n<p><strong>Antioksidansi:<\/strong> ekstrakti prirodnog podrijetla bogati tokoferolom.<\/p>\n<p><strong>Analiti\u010dki sastav:<\/strong> Sirove bjelan\u010devine 46.00%; sirove masti i ulja 11.00%; sirova vlakna 5.10%; sirovi pepeo 8.90%; kalcij 1.50%; fosfor 1.30%; magnezij 0.09%; Omega-6 2.00%; Omega-3 0.45%; DHA 0.30%; EPA 0.10%; glukozamin 1200mg\/kg; kondroitin 900mg\/kg.<\/p>\n<p><strong>Energetska vrijednost<\/strong>: ME 3350kcal\/kg &#8211; 14.0MJ\/kg.<\/p>\n<p><strong>Upute za hranjenje: <\/strong>Vidi tablicu. Pri prelasku na hranu N&#038;D preporu\u010duje se postupno mije\u0161anje s hranom koju si prethodno koristio. <\/p>\n<p>\u010cuvati na hladnom i suhom mjestu u zatvorenom pakiranju. Proizvedeno 18 mjeseci prije isteka roka valjanosti ozna\u010denog na pakiranju. Ve\u0107ina sastojaka potje\u010de iz Italije, Danske i Francuske.  <\/p>\n<p><strong>Neto masa, upotrijebiti do, serija i reg. broj:<\/strong> na pole\u0111ini pakiranja.<\/p>\n<p>Nije namijenjeno prehrani ljudi.<\/p>\n","protected":false},"excerpt":{"rendered":"Hrana za odrasle kastrirane\/sterilizirane ma\u010dke, bez \u017eitarica sa so\u010dnom piletinom i narom. Pile\u0107e meso izvrstan je izvor bjelan\u010devina i fosfora koji poma\u017ee u pove\u0107anju snage mi\u0161i\u0107a i kostiju. Sadr\u017ei nezasi\u0107ene masne kiseline koje brinu o srcu i krvo\u017eilnom sustavu te reguliraju razinu \u0161e\u0107era u krvi. Nar ima sna\u017ean antioksidativni i protuupalni u\u010dinak te povoljno utje\u010de na ko\u017eu i dlaku.   ","protected":false},"featured_media":29048,"comment_status":"open","ping_status":"closed","template":"","meta":{"_acf_changed":false,"inline_featured_image":false},"product_cat":[3692,3691,3718],"product_tag":[],"class_list":{"0":"post-169587","1":"product","2":"type-product","3":"status-publish","4":"has-post-thumbnail","6":"product_brand-nd","7":"product_cat-hrana-za-macke","8":"product_cat-macke","9":"product_cat-suha-hrana-za-macke","10":"pa_pakiranje-15-kg","11":"pa_pakiranje-300-g","12":"pa_pakiranje-5-kg","13":"pa_posebne-potrebe-bez-zitarica","14":"pa_posebne-potrebe-kastrirani-sterilizirani","15":"pa_posebne-potrebe-prekomjerna-tezina","16":"pa_starostno-obdobje-odrasli","17":"pa_velikost-pasme-mali","18":"pa_velikost-pasme-srednji","19":"pa_zivalska-beljakovina-piletina","20":"pa_zivalska-beljakovina-riba","22":"first","23":"instock","24":"taxable","25":"shipping-taxable","26":"purchasable","27":"product-type-variable"},"acf":[],"gallery_images":[],"_links":{"self":[{"href":"https:\/\/www.hranazapse.si\/hr\/wp-json\/wp\/v2\/product\/169587","targetHints":{"allow":["GET"]}}],"collection":[{"href":"https:\/\/www.hranazapse.si\/hr\/wp-json\/wp\/v2\/product"}],"about":[{"href":"https:\/\/www.hranazapse.si\/hr\/wp-json\/wp\/v2\/types\/product"}],"replies":[{"embeddable":true,"href":"https:\/\/www.hranazapse.si\/hr\/wp-json\/wp\/v2\/comments?post=169587"}],"wp:featuredmedia":[{"embeddable":true,"href":"https:\/\/www.hranazapse.si\/hr\/wp-json\/wp\/v2\/media\/29048"}],"wp:attachment":[{"href":"https:\/\/www.hranazapse.si\/hr\/wp-json\/wp\/v2\/media?parent=169587"}],"wp:term":[{"taxonomy":"product_cat","embeddable":true,"href":"https:\/\/www.hranazapse.si\/hr\/wp-json\/wp\/v2\/product_cat?post=169587"},{"taxonomy":"product_tag","embeddable":true,"href":"https:\/\/www.hranazapse.si\/hr\/wp-json\/wp\/v2\/product_tag?post=169587"}],"curies":[{"name":"wp","href":"https:\/\/api.w.org\/{rel}","templated":true}]}}