{"id":170048,"date":"2012-02-28T16:48:03","date_gmt":"2012-02-28T15:48:03","guid":{"rendered":"https:\/\/www.hranazapse.si\/shop\/Bez%20kategorije\/farrado-kunic\/"},"modified":"2026-05-08T08:59:25","modified_gmt":"2026-05-08T06:59:25","slug":"farrado-kunic","status":"publish","type":"product","link":"https:\/\/www.hranazapse.si\/hr\/shop\/psi\/pasja-hrana\/suha-hrana-za-pse\/farrado-kunic\/","title":{"rendered":"Farrado KUNI\u0106"},"content":{"rendered":"<p><strong>Sastav:<\/strong> Svje\u017ee meso kuni\u0107a 37 %, su\u0161eno i mljeveno meso kuni\u0107a 20 %, krumpir 18 %, gra\u0161ak 12 %, pile\u0107e ulje, laneno sjeme 3 %, kvasac, su\u0161ena \u0161e\u0107erna repa (bez \u0161e\u0107era), bobice bazge, morske alge, natrijev klorid, su\u0161ena cikorija, FOS, MOS, ekstrakt juke, ekstrakt sjemenki gro\u017e\u0111a, ekstrakt ananasa, ekstrakt nara, ekstrakt masla\u010dka.<\/p>\n<p><strong>Analiti\u010dki sastav:<\/strong> Sirove bjelan\u010devine 28 %, sirove masti 17 %, sirovi pepeo 7,9 %, sirova vlaknina 2,7 %, vlaga 8 %, kalcij 1,30 %, fosfor 1,10 %.<\/p>\n<p><strong>Dodaci\/kg:<\/strong> Vitamin A 15.000 i.j., vitamin D3 1.000 i.j., vitamin E 115 mg (all-rac-alfa-tokoferil acetat), \u017eeljezo 24 mg (\u017eeljezov karbonat 50 mg), bakar 12 mg (bakrov(II)-sulfat pentahidrat 48 mg), mangan 48 mg (mangan(II)-oksid 62 mg), kobalt 0,18 mg (kobalt(II)-karbonat monohidrat 3,6 mg), cink 54 mg, jod 3,48 mg (kalcijev jodat anhidrat 9 mg), selen 0,12 mg (natrijev selenit 12 mg).<\/p>\n<p>&nbsp;<\/p>\n<p><strong>Za\u0161to odabrati Farrado brikete kuni\u0107 s krumpirom i vo\u0107em?<\/strong><\/p>\n<p>&#8211; bez \u017eitarica i soje<\/p>\n<p>&#8211; bez govedine i mlije\u010dnih proizvoda<\/p>\n<p>&#8211; bez umjetnih konzervansa, poja\u010diva\u010da okusa i boja<\/p>\n<p>&#8211; bez genetski modificiranih sastojaka<\/p>\n<p>&#8211; monoproteinska formula \u2013 sadr\u017ei samo jednu \u017eivotinjsku bjelan\u010devinu<\/p>\n<p>&#8211; visoki mesni udio<\/p>\n<p>&#8211; proizvedeno u EU<\/p>\n","protected":false},"excerpt":{"rendered":"Ukusna receptura bez \u017eitarica s pa\u017eljivo odabranim mesom kuni\u0107a, krumpirom i vo\u0107em stvorena je posebno za potrebe odraslih pasa. Sadr\u017eaj bjelan\u010devina i masti uravnote\u017een je kako za normalno aktivne pse, tako i za one s vi\u0161om razinom aktivnosti. \n\nKuni\u0107 je izvrstan izvor bjelan\u010devina s niskim udjelom masti i kalorija, bogat mineralima koji podr\u017eavaju imunolo\u0161ki sustav, ubrzavaju zacjeljivanje ran i poma\u017eu u metabolizmu bjelan\u010devina. Krumpir predstavlja lako probavljiv, alternativni izvor ugljikohidrata koji psu osigurava potrebnu energy. Dodatak vo\u0107a, lanenog sjemena, prebioti\u010dkih oligosaharida (FOS i MOS) te ekstrakta juke pridonosi zdravoj probavi, smanjuje neugodne mirise te podr\u017eava vitalnost i dobrobit psa.  ","protected":false},"featured_media":170052,"comment_status":"open","ping_status":"closed","template":"","meta":{"_acf_changed":false,"inline_featured_image":false},"product_cat":[3787,3688,3788,3683,3745],"product_tag":[],"class_list":{"0":"post-170048","1":"product","2":"type-product","3":"status-publish","4":"has-post-thumbnail","6":"product_brand-farrado","7":"product_cat-akcije","8":"product_cat-pasja-hrana","9":"product_cat-posebne-mjesecne-akcije","10":"product_cat-psi","11":"product_cat-suha-hrana-za-pse","12":"pa_pakiranje-1-kg","13":"pa_pakiranje-12-kg","14":"pa_pakiranje-2x12-kg","15":"pa_pakiranje-4-kg","16":"pa_posebne-potrebe-alergije","17":"pa_posebne-potrebe-bez-glutena","18":"pa_posebne-potrebe-bez-zitarica","19":"pa_posebne-potrebe-monoprotein","20":"pa_posebne-potrebe-osjetljiv-ljubimac","21":"pa_starostno-obdobje-odrasli","22":"pa_velikost-pasme-mali","23":"pa_velikost-pasme-srednji","24":"pa_velikost-pasme-veliki","25":"pa_zivalska-beljakovina-piletina","26":"pa_zivalska-beljakovina-zec","28":"first","29":"instock","30":"sale","31":"taxable","32":"shipping-taxable","33":"purchasable","34":"product-type-variable"},"acf":[],"gallery_images":[],"_links":{"self":[{"href":"https:\/\/www.hranazapse.si\/hr\/wp-json\/wp\/v2\/product\/170048","targetHints":{"allow":["GET"]}}],"collection":[{"href":"https:\/\/www.hranazapse.si\/hr\/wp-json\/wp\/v2\/product"}],"about":[{"href":"https:\/\/www.hranazapse.si\/hr\/wp-json\/wp\/v2\/types\/product"}],"replies":[{"embeddable":true,"href":"https:\/\/www.hranazapse.si\/hr\/wp-json\/wp\/v2\/comments?post=170048"}],"wp:featuredmedia":[{"embeddable":true,"href":"https:\/\/www.hranazapse.si\/hr\/wp-json\/wp\/v2\/media\/170052"}],"wp:attachment":[{"href":"https:\/\/www.hranazapse.si\/hr\/wp-json\/wp\/v2\/media?parent=170048"}],"wp:term":[{"taxonomy":"product_cat","embeddable":true,"href":"https:\/\/www.hranazapse.si\/hr\/wp-json\/wp\/v2\/product_cat?post=170048"},{"taxonomy":"product_tag","embeddable":true,"href":"https:\/\/www.hranazapse.si\/hr\/wp-json\/wp\/v2\/product_tag?post=170048"}],"curies":[{"name":"wp","href":"https:\/\/api.w.org\/{rel}","templated":true}]}}