{"id":170444,"date":"2015-02-13T11:02:59","date_gmt":"2015-02-13T10:02:59","guid":{"rendered":"https:\/\/www.hranazapse.si\/shop\/Bez kategorije\/fish4dogs-adult-salmon-small-bite\/"},"modified":"2015-02-13T11:02:59","modified_gmt":"2015-02-13T10:02:59","slug":"fish4dogs-adult-salmon-small-bite","status":"publish","type":"product","link":"https:\/\/www.hranazapse.si\/hr\/shop\/psi\/pasja-hrana\/suha-hrana-za-pse\/fish4dogs-adult-salmon-small-bite\/","title":{"rendered":"Fish4dogs Adult Salmon Small bite"},"content":{"rendered":"<p>Potpuna krmna mje\u0161avina &#8211; potpuna hrana za pse od bijelog lososa, krumpira kao izvora ugljikohidrata te gra\u0161ka. Proizvod ne sadr\u017ei \u017eitarice. Tako\u0111er ne sadr\u017ei sinteti\u010dke boje, arome ili konzervanse.  <\/p>\n<p><strong>Sastav:<\/strong><br \/>\nlosos 27%, krumpir 23%, gra\u0161ak u prahu 22%, riblje bra\u0161no, lososovo ulje, pulpa repe, pivski kvasac, minerali.<\/p>\n<p><strong>Analiti\u010dki sastojci:<\/strong><br \/>\nsirove bjelan\u010devine 26%, udio masti 12%, sirovi pepeo 7,5%, sirova vlakna 2,5%, Omega 3 masne kiseline 1%.<\/p>\n<p><strong>Dodaci:<\/strong><br \/>\nVitamini na kg: A 22.500 IU, Vitamin D3 1.800 IU, Vitamin E (a-tokoferol) 400 IU.<\/p>\n<p><strong>Elementi u tragovima na kg:<\/strong><br \/>\ncinkov kelat hidrat aminokiseline 600 mg, bakrov kelat, hidrat aminokiseline 80 mg, kalcijev jodat, bezvodni 2,5 mg. Antioksidansi (stabilizirani ekstraktom ru\u017emarina i tokoferola) <\/p>\n<p><strong>Upute za hranjenje<\/strong>:<br \/>\nVeli\u010dina psa:; Te\u017eina psa (kg):; Dnevni obrok (g):<br \/>\n&#8211; mali, 1-15 kg, 35-205 g<br \/>\n&#8211; srednji, 15-35 kg, 205-365 g<br \/>\n&#8211; veliki, 35-100 kg, 365-730 g<\/p>\n<p><strong>Upute za uporabu i skladi\u0161tenje:<\/strong><br \/>\nVrijednosti su preporu\u010dene dnevne koli\u010dine hranjenja koje mora\u0161 podijeliti na \u017eeljeni broj obroka koje daje\u0161 svom psu i samo su osnova, stoga tvoj pas mo\u017ee trebati ve\u0107e koli\u010dine, ovisno o njegovoj dobi, aktivnosti i temperamentu. Kako bi tvoj pas postigao optimalnu tjelesnu kondiciju, mo\u017eda \u0107e\u0161 morati prilagoditi dnevni unos hrane. Kada psa tek upoznaje\u0161 s ovom hranom, postupno je mije\u0161aj s dosada\u0161njom hranom, u razdoblju od 4 dana.<br \/>\n\u010cuvaj na suhom i hladnom mjestu. Pas uvijek mora imati na raspolaganju dovoljno svje\u017ee vode za pi\u0107e.   <\/p>\n","protected":false},"excerpt":{"rendered":"Slastna bez\u017eitna hrana za odrasle pse malih pasmina sa so\u010dnim lososom. Losos sadr\u017ei mnogo lako probavljivih bjelan\u010devina i dvije najva\u017enije masne kiseline Omega-3 EPA i DHA, koje brinu za zdravu dlaku i ko\u017eu te omogu\u0107uju dobru pokretljivost zglobova. Receptura ne sadr\u017ei \u017eitarice, kao alternativni izvor ugljikohidrata kori\u0161teni su krumpir i gra\u0161ak, koji osiguravaju uravnote\u017een glikemijski indeks.  \n\nZbog visokog udjela Omega-3, hrana je preporu\u010dljiva za skotne kuje, jer se izvrsna svojstva omega ulja prenose na jo\u0161 nero\u0111eno \u0161tene.","protected":false},"featured_media":75355,"comment_status":"open","ping_status":"closed","template":"","meta":{"_acf_changed":false,"inline_featured_image":false},"product_cat":[3787,3688,3788,3683,3745],"product_tag":[],"class_list":{"0":"post-170444","1":"product","2":"type-product","3":"status-publish","4":"has-post-thumbnail","6":"product_brand-fish4dogs","7":"product_cat-akcije","8":"product_cat-pasja-hrana","9":"product_cat-posebne-mjesecne-akcije","10":"product_cat-psi","11":"product_cat-suha-hrana-za-pse","12":"pa_pakiranje-15-kg","13":"pa_pakiranje-6-kg","14":"pa_posebne-potrebe-alergije","15":"pa_posebne-potrebe-bez-glutena","16":"pa_posebne-potrebe-bez-zitarica","17":"pa_posebne-potrebe-gravidne-i-dojilje","18":"pa_posebne-potrebe-osjetljiv-ljubimac","19":"pa_posebne-potrebe-podrska-za-kozu-i-dlaku","20":"pa_starostno-obdobje-odrasli","21":"pa_velikost-pasme-mali","22":"pa_zivalska-beljakovina-riba","24":"first","25":"instock","26":"sale","27":"taxable","28":"shipping-taxable","29":"purchasable","30":"product-type-variable"},"acf":[],"gallery_images":[43336],"_links":{"self":[{"href":"https:\/\/www.hranazapse.si\/hr\/wp-json\/wp\/v2\/product\/170444","targetHints":{"allow":["GET"]}}],"collection":[{"href":"https:\/\/www.hranazapse.si\/hr\/wp-json\/wp\/v2\/product"}],"about":[{"href":"https:\/\/www.hranazapse.si\/hr\/wp-json\/wp\/v2\/types\/product"}],"replies":[{"embeddable":true,"href":"https:\/\/www.hranazapse.si\/hr\/wp-json\/wp\/v2\/comments?post=170444"}],"wp:featuredmedia":[{"embeddable":true,"href":"https:\/\/www.hranazapse.si\/hr\/wp-json\/wp\/v2\/media\/75355"}],"wp:attachment":[{"href":"https:\/\/www.hranazapse.si\/hr\/wp-json\/wp\/v2\/media?parent=170444"}],"wp:term":[{"taxonomy":"product_cat","embeddable":true,"href":"https:\/\/www.hranazapse.si\/hr\/wp-json\/wp\/v2\/product_cat?post=170444"},{"taxonomy":"product_tag","embeddable":true,"href":"https:\/\/www.hranazapse.si\/hr\/wp-json\/wp\/v2\/product_tag?post=170444"}],"curies":[{"name":"wp","href":"https:\/\/api.w.org\/{rel}","templated":true}]}}