{"id":170867,"date":"2019-01-09T12:17:40","date_gmt":"2019-01-09T11:17:40","guid":{"rendered":"https:\/\/www.hranazapse.si\/shop\/Bez%20kategorije\/woolf-goveje-rawhide-s-ducky\/"},"modified":"2026-05-07T08:40:24","modified_gmt":"2026-05-07T06:40:24","slug":"woolf-goveje-rawhide-s-ducky","status":"publish","type":"product","link":"https:\/\/www.hranazapse.si\/hr\/shop\/psi\/pasja-hrana\/poslastice-za-pse\/poslastice-i-stapici-za-zvakanje\/woolf-goveje-rawhide-s-ducky\/","title":{"rendered":"Woolf Goveje rawhide s ducky"},"content":{"rendered":"<p>Poslastice su kuhane i pakirane bez kemijskih dodataka, konzervansa i boja. Za o\u010duvanje svje\u017eine, u vre\u0107icu je postavljen apsorber kisika. Prikladne su za pse svih veli\u010dina.  <\/p>\n<p><strong>Sastav: <\/strong>patka 57%, Goveje rawhide 40%, glicerin 0,5%, sorbitol 0,5%<\/p>\n<p><strong>Analiza: <\/strong>bjelan\u010devine 60%, masti 4%, vlakna 1%, pepeo 3%, vlaga 18%<\/p>\n","protected":false},"excerpt":{"rendered":"Woolf Twister s patkom and Goveje rawhide je ukusan \u017evaka\u0107i snack. Goveje rawhide je tvrd, pa ja\u010da \u017eva\u010dne mi\u0161i\u0107e i \u010disti zube. Pa\u010dje meso bogato je bjelan\u010devinama, omega kiselinama, vitaminima i mineralima. Poslastica koja \u0107e ljubimca zabaviti dulje.   ","protected":false},"featured_media":29466,"comment_status":"open","ping_status":"closed","template":"","meta":{"_acf_changed":false,"inline_featured_image":false},"product_cat":[3688,3680,3684,3683,3681],"product_tag":[],"class_list":{"0":"post-170867","1":"product","2":"type-product","3":"status-publish","4":"has-post-thumbnail","6":"product_brand-woolf","7":"product_cat-pasja-hrana","8":"product_cat-poslastice-i-stapici-za-zvakanje","9":"product_cat-poslastice-za-pse","10":"product_cat-psi","11":"product_cat-vise-od-90-mesa","12":"pa_pakiranje-100-g","13":"pa_posebne-potrebe-bez-glutena","14":"pa_posebne-potrebe-bez-zitarica","15":"pa_starostno-obdobje-macici","16":"pa_starostno-obdobje-odrasli","17":"pa_starostno-obdobje-seniori","18":"pa_velikost-pasme-mali","19":"pa_velikost-pasme-srednji","20":"pa_velikost-pasme-veliki","21":"pa_zivalska-beljakovina-govedina","22":"pa_zivalska-beljakovina-patka","24":"first","25":"instock","26":"taxable","27":"shipping-taxable","28":"purchasable","29":"product-type-variable"},"acf":[],"gallery_images":[],"_links":{"self":[{"href":"https:\/\/www.hranazapse.si\/hr\/wp-json\/wp\/v2\/product\/170867","targetHints":{"allow":["GET"]}}],"collection":[{"href":"https:\/\/www.hranazapse.si\/hr\/wp-json\/wp\/v2\/product"}],"about":[{"href":"https:\/\/www.hranazapse.si\/hr\/wp-json\/wp\/v2\/types\/product"}],"replies":[{"embeddable":true,"href":"https:\/\/www.hranazapse.si\/hr\/wp-json\/wp\/v2\/comments?post=170867"}],"wp:featuredmedia":[{"embeddable":true,"href":"https:\/\/www.hranazapse.si\/hr\/wp-json\/wp\/v2\/media\/29466"}],"wp:attachment":[{"href":"https:\/\/www.hranazapse.si\/hr\/wp-json\/wp\/v2\/media?parent=170867"}],"wp:term":[{"taxonomy":"product_cat","embeddable":true,"href":"https:\/\/www.hranazapse.si\/hr\/wp-json\/wp\/v2\/product_cat?post=170867"},{"taxonomy":"product_tag","embeddable":true,"href":"https:\/\/www.hranazapse.si\/hr\/wp-json\/wp\/v2\/product_tag?post=170867"}],"curies":[{"name":"wp","href":"https:\/\/api.w.org\/{rel}","templated":true}]}}