{"id":171264,"date":"2017-01-15T15:57:33","date_gmt":"2017-01-15T14:57:33","guid":{"rendered":"https:\/\/www.hranazapse.si\/shop\/Bez kategorije\/primordial-adult-chicken-fresh-salmon\/"},"modified":"2017-01-15T15:57:33","modified_gmt":"2017-01-15T14:57:33","slug":"primordial-adult-chicken-fresh-salmon","status":"publish","type":"product","link":"https:\/\/www.hranazapse.si\/hr\/shop\/psi\/pasja-hrana\/suha-hrana-za-pse\/primordial-adult-chicken-fresh-salmon\/","title":{"rendered":"Primordial Adult chicken &#038; fresh salmon"},"content":{"rendered":"<p>Primordial Grain-Free Chicken and Salmon potpuna je i lako probavljiva hrana bez \u017eitarica, bogata bjelan\u010devinama visoke biolo\u0161ke vrijednosti i odgovaraju\u0107im sastavom aminokiselina. Chicken meso, koje dolazi isklju\u010divo od \u017eivotinja iz podnog uzgoja, osigurava lako probavljive bjelan\u010devine, s okusom koji psi vole. <\/p>\n<p>Salmon je, kao i sva riba, bogat izvor omega-3 masnih kiselina koje zna\u010dajno utje\u010du na ko\u017eu i dlaku, vrlo su korisne za kardiovaskularni sustav (srce i arterije), bogate mineralnim solima, a njegove bjelan\u010devine su lako probavljive.<\/p>\n<p>Vo\u0107e i povr\u0107e, bogato Vitaminima, mineralima i fitonutrijentima, probavna svojstva jabuke, antioksidativno djelovanje nara i \u0161ipka te potporni u\u010dinak sikavice na jetru daju ovom obroku savr\u0161enu ravnote\u017eu okusa i hranjivih tvari &#8211; uistinu cjelovit proizvod koji aktivno pridonosi op\u0107em zdravlju pasa.<\/p>\n<p><strong>Sastav:<\/strong> fresh salmon (35 %), dehidrirano chicken meso (24 %), gra\u0161ak, slatki krumpir, chicken mast (11 %), bob, laneno sjeme (2 %), su\u0161ena pulpa repe, kvasac, bra\u0161no od morskih alg (0,3 %), fruktooligosaharidi FOS (0,2 %), prebiotik (MOS 0,2 %), juka mojave (0,03 %), sikavica (Silybum marianum L.) (0,02 %), dehidrirana jabuka (Malus pumila) (0,02 %), dehidrirani \u0161ipak (Rose Canina L.R., Pendulina L.) (0,002), glukozamin, kondroitin sulfat, ekstrakt ru\u017emarina.<\/p>\n<p><strong>Analiti\u010dke vrijednosti:<\/strong><br \/>\nsirove bjelan\u010devine 30 %<br \/>\nmasti 18 %<br \/>\nvlaga 8 %<br \/>\nsirovi pepeo 8,3 %<br \/>\nsirova vlakna 2,5 %<\/p>\n<p><strong>Nutritive dodaci po kg:<\/strong><br \/>\n3a672a Vitamin A 21000 UI, Vitamin D3 1400 UI, 3a700 Vitamin E (sveracemni-alfa-tokoferil acetat) 180 mg, E4 bakrov sulfat pentahidrat 59 mg, E1 \u017eeljezov karbonat 62 mg, E5 manganov oksid 77 mg, E6 cinkov sulfat monohidrat 186 mg, E2 kalijev jodid 4,85 mg, E8 natrijev selenit 0,35 mg<\/p>\n<table border=\"1\" cellspacing=\"0\" cellpadding=\"0\">\n<tbody>\n<tr>\n<td style=\"text-align: left;\" colspan=\"10\" width=\"680\">Preporu\u010dena dnevna doza:<\/td>\n<\/tr>\n<tr>\n<td style=\"text-align: left;\" valign=\"top\" width=\"161\">Te\u017eina psa<\/td>\n<td style=\"text-align: left;\" width=\"58\">4 kg<\/td>\n<td style=\"text-align: left;\" width=\"58\">8 kg<\/td>\n<td style=\"text-align: left;\" width=\"58\">12 kg<\/td>\n<td style=\"text-align: left;\" width=\"58\">16 kg<\/td>\n<td style=\"text-align: left;\" width=\"58\">20 kg<\/td>\n<td style=\"text-align: left;\" width=\"58\">25 kg<\/td>\n<td style=\"text-align: left;\" width=\"58\">30 kg<\/td>\n<td style=\"text-align: left;\" width=\"58\">35 kg<\/td>\n<td style=\"text-align: left;\" width=\"58\">40 kg<\/td>\n<\/tr>\n<tr>\n<td style=\"text-align: left;\" valign=\"top\" width=\"161\">Dnevna doza:<\/td>\n<td style=\"text-align: left;\" width=\"58\">85 g<\/td>\n<td style=\"text-align: left;\" width=\"58\">135 g<\/td>\n<td style=\"text-align: left;\" width=\"58\">170 g<\/td>\n<td style=\"text-align: left;\" width=\"58\">210 g<\/td>\n<td style=\"text-align: left;\" width=\"58\">245 g<\/td>\n<td style=\"text-align: left;\" width=\"58\">280 g<\/td>\n<td style=\"text-align: left;\" width=\"58\">320 g<\/td>\n<td style=\"text-align: left;\" width=\"58\">355 g<\/td>\n<td style=\"text-align: left;\" width=\"58\">385 g<\/td>\n<\/tr>\n<\/tbody>\n<\/table>\n","protected":false},"excerpt":{"rendered":"Ukusna, lako probavljiva hrana bez \u017eitarica, bogatog okusa fresh salmona i chickena, stvorena za potrebe odraslih pasa. Temelji se na prirodnim prehrambenim navikama pasa i ponosi se s \u010dak 70 % udjela mesa. Chicken meso iz podnog uzgoja osigurava unos lako probavljivih bjelan\u010devina koje omogu\u0107uju probavu i apsorpciju hranjivih tvari, dok salmon pridonosi zdravoj i sjajnoj dlaci. Vo\u0107e i povr\u0107e osiguravaju unos Vitamina koji tvom ljubimcu omogu\u0107uju zdrav i sretan \u017eivot.   ","protected":false},"featured_media":171266,"comment_status":"open","ping_status":"closed","template":"","meta":{"_acf_changed":false,"inline_featured_image":false},"product_cat":[3787,3688,3788,3683,3745],"product_tag":[4295],"class_list":{"0":"post-171264","1":"product","2":"type-product","3":"status-publish","4":"has-post-thumbnail","6":"product_brand-primordial","7":"product_cat-akcije","8":"product_cat-pasja-hrana","9":"product_cat-posebne-mjesecne-akcije","10":"product_cat-psi","11":"product_cat-suha-hrana-za-pse","12":"product_tag-najprodavanije","13":"pa_pakiranje-12-kg","14":"pa_pakiranje-2-kg","15":"pa_pakiranje-2x12-kg","16":"pa_posebne-potrebe-bez-zitarica","17":"pa_posebne-potrebe-podrska-probavi","18":"pa_posebne-potrebe-podrska-za-kozu-i-dlaku","19":"pa_starostno-obdobje-odrasli","20":"pa_velikost-pasme-mali","21":"pa_velikost-pasme-srednji","22":"pa_velikost-pasme-veliki","23":"pa_zivalska-beljakovina-piletina","24":"pa_zivalska-beljakovina-riba","26":"first","27":"instock","28":"sale","29":"taxable","30":"shipping-taxable","31":"purchasable","32":"product-type-variable"},"acf":[],"gallery_images":[],"_links":{"self":[{"href":"https:\/\/www.hranazapse.si\/hr\/wp-json\/wp\/v2\/product\/171264","targetHints":{"allow":["GET"]}}],"collection":[{"href":"https:\/\/www.hranazapse.si\/hr\/wp-json\/wp\/v2\/product"}],"about":[{"href":"https:\/\/www.hranazapse.si\/hr\/wp-json\/wp\/v2\/types\/product"}],"replies":[{"embeddable":true,"href":"https:\/\/www.hranazapse.si\/hr\/wp-json\/wp\/v2\/comments?post=171264"}],"wp:featuredmedia":[{"embeddable":true,"href":"https:\/\/www.hranazapse.si\/hr\/wp-json\/wp\/v2\/media\/171266"}],"wp:attachment":[{"href":"https:\/\/www.hranazapse.si\/hr\/wp-json\/wp\/v2\/media?parent=171264"}],"wp:term":[{"taxonomy":"product_cat","embeddable":true,"href":"https:\/\/www.hranazapse.si\/hr\/wp-json\/wp\/v2\/product_cat?post=171264"},{"taxonomy":"product_tag","embeddable":true,"href":"https:\/\/www.hranazapse.si\/hr\/wp-json\/wp\/v2\/product_tag?post=171264"}],"curies":[{"name":"wp","href":"https:\/\/api.w.org\/{rel}","templated":true}]}}