{"id":171299,"date":"2017-01-15T18:27:15","date_gmt":"2017-01-15T17:27:15","guid":{"rendered":"https:\/\/www.hranazapse.si\/shop\/Bez kategorije\/primordial-adult-jelen-svjeza-puretina\/"},"modified":"2017-01-15T18:27:15","modified_gmt":"2017-01-15T17:27:15","slug":"primordial-adult-jelen-svjeza-puretina","status":"publish","type":"product","link":"https:\/\/www.hranazapse.si\/hr\/shop\/psi\/pasja-hrana\/suha-hrana-za-pse\/primordial-adult-jelen-svjeza-puretina\/","title":{"rendered":"Primordial Adult jelen &#038; svje\u017ea puretina"},"content":{"rendered":"<p class=\"NoSpacing\">Primordial Grain-Free Jelen i Puretina je potpuna, lako probavljiva hrana bez \u017eitarica, bogata bjelan\u010devinama visoke biolo\u0161ke vrijednosti. Divlja\u010d, koja dolazi isklju\u010divo od \u017eivotinja iz slobodnog uzgoja, osigurava netradicionalne bjelan\u010devine, predstavlja nizak rizik za alergije i ima okus koji psi vole. Meso puretine iz podnog uzgoja osigurava lako probavljive bjelan\u010devine i odgovaraju\u0107i sastav aminokiselina.  <\/p>\n<p>Vo\u0107e i povr\u0107e, bogato vitaminima, mineralima i fitonutrijentima, probavna svojstva ananasa, antioksidativno djelovanje nara i \u0161ipka, potporni u\u010dinak masla\u010dka na jetru i lanene sjemenke, koje su bogat izvor omega 3 masnih kiselina koje zna\u010dajno utje\u010du na ko\u017eu i dlaku, daju ovom obroku savr\u0161enu ravnote\u017eu okusa i hranjivih tvari \u2013 uistinu cjelovit proizvod koji aktivno doprinosi op\u0107em zdravlju pasa.<\/p>\n<p><strong>Sastav:<\/strong> svje\u017ee pure\u0107e meso (35%), dehidrirana divlja\u010d (14%), gra\u0161ak, slatki krumpir, pure\u0107a i pile\u0107a mast (10%), bob, dehidrirano pile\u0107e meso (8%), dehidrirano riblje bra\u0161no (3%), hidrolizat jetre (2%), laneno sjeme (2%), su\u0161ena pulpa cikle, kvasac, bra\u0161no morskih algi (0,3%), fruktooligosaharidi FOS (0,2%), prebiotik (MOS 0,2%), juka mojave (0,03%), prah korijena masla\u010dka (Taraxacum officinale W.) (0,02%), dehidrirani nar (Punica granatum) (0,02%), dehidrirana stabljika ananasa (Ananas sativus L.) (0,02%), dehidrirani \u0161ipak (Rosa Canina L.R., Pendulina L.) (0,002), glukozamin, kondroitin sulfat, ekstrakt ru\u017emarina.<\/p>\n<p><strong>Analiti\u010dke vrijednosti:<br \/>\n<\/strong>sirove bjelan\u010devine 28%<br \/>\nmasti 18%<br \/>\nvlaga 8%<br \/>\nsirovi pepeo 8,4%<br \/>\nsirova vlakna 2,4%<br \/>\nmetaboli\u010dka energy 3900 Kcal\/kg<\/p>\n<p><strong>Nutritivni dodaci na kg:<\/strong><\/p>\n<p>3a672a Vitamin A 21000 UI, Vitamin D3 1400 UI, 3a700 Vitamin E (svi-racemni-alfa-tokoferil acetat) 180 mg, E4 bakrov sulfat pentahidrat 59 mg, E1 \u017eeljezni karbonat 62 mg, E5 manganov oksid 77 mg, E6 cinkov sulfat monohidrat 186 mg, E2 kalijev jodid 4,85 mg, E8 natrijev selenit 0,35 mg<\/p>\n<table border=\"1\" cellspacing=\"0\" cellpadding=\"0\">\n<tbody>\n<tr>\n<td style=\"text-align: left;\" colspan=\"10\" width=\"680\">UPUTE ZA PRAVILNU UPORABU I PREPORU\u010cENI DNEVNI OBROK:<\/td>\n<\/tr>\n<tr>\n<td style=\"text-align: left;\" valign=\"top\" width=\"161\">Te\u017eina psa<\/td>\n<td style=\"text-align: left;\" width=\"58\">4 kg<\/td>\n<td style=\"text-align: left;\" width=\"58\">8 kg<\/td>\n<td style=\"text-align: left;\" width=\"58\">12 kg<\/td>\n<td style=\"text-align: left;\" width=\"58\">16 kg<\/td>\n<td style=\"text-align: left;\" width=\"58\">20 kg<\/td>\n<td style=\"text-align: left;\" width=\"58\">25 kg<\/td>\n<td style=\"text-align: left;\" width=\"58\">30 kg<\/td>\n<td style=\"text-align: left;\" width=\"58\">35 kg<\/td>\n<td style=\"text-align: left;\" width=\"58\">40 kg<\/td>\n<\/tr>\n<tr>\n<td style=\"text-align: left;\" valign=\"top\" width=\"161\">Dnevni obrok<\/td>\n<td style=\"text-align: left;\" width=\"58\">85 g<\/td>\n<td style=\"text-align: left;\" width=\"58\">135 g<\/td>\n<td style=\"text-align: left;\" width=\"58\">170 g<\/td>\n<td style=\"text-align: left;\" width=\"58\">210 g<\/td>\n<td style=\"text-align: left;\" width=\"58\">245 g<\/td>\n<td style=\"text-align: left;\" width=\"58\">280 g<\/td>\n<td style=\"text-align: left;\" width=\"58\">320 g<\/td>\n<td style=\"text-align: left;\" width=\"58\">355 g<\/td>\n<td style=\"text-align: left;\" width=\"58\">385 g<\/td>\n<\/tr>\n<\/tbody>\n<\/table>\n","protected":false},"excerpt":{"rendered":"Slastna, lako probavljiva, bez\u017eitna hrana so\u010dne svje\u017ee puretine i divlja\u010di stvorena za potrebe odraslih pasa. Temelji se na prirodnim prehrambenim navikama pasa i ponosi se sa \u010dak 70% udjela mesa. Divlja\u010d sadr\u017ei lako probavljive bjelan\u010devine i antioksidanse koji usporavaju proces starenja. Puretina uz pomo\u0107 magnezija ja\u010da sr\u010dani mi\u0161i\u0107 i poti\u010de obnovu stanica. Ima pozitivan u\u010dinak na \u017eiv\u010dani sustav te ja\u010da kosti i zglobove.    ","protected":false},"featured_media":171301,"comment_status":"open","ping_status":"closed","template":"","meta":{"_acf_changed":false,"inline_featured_image":false},"product_cat":[3688,3683,3745],"product_tag":[],"class_list":{"0":"post-171299","1":"product","2":"type-product","3":"status-publish","4":"has-post-thumbnail","6":"product_brand-primordial","7":"product_cat-pasja-hrana","8":"product_cat-psi","9":"product_cat-suha-hrana-za-pse","10":"pa_pakiranje-12-kg","11":"pa_pakiranje-2-kg","12":"pa_pakiranje-2x12-kg","13":"pa_posebne-potrebe-alergije","14":"pa_posebne-potrebe-bez-zitarica","15":"pa_posebne-potrebe-podrska-probavi","16":"pa_posebne-potrebe-podrska-za-kozu-i-dlaku","17":"pa_starostno-obdobje-odrasli","18":"pa_velikost-pasme-mali","19":"pa_velikost-pasme-srednji","20":"pa_velikost-pasme-veliki","21":"pa_zivalska-beljakovina-divljac","22":"pa_zivalska-beljakovina-piletina","23":"pa_zivalska-beljakovina-purana","24":"pa_zivalska-beljakovina-riba","26":"first","27":"instock","28":"sale","29":"taxable","30":"shipping-taxable","31":"purchasable","32":"product-type-variable"},"acf":[],"gallery_images":[],"_links":{"self":[{"href":"https:\/\/www.hranazapse.si\/hr\/wp-json\/wp\/v2\/product\/171299","targetHints":{"allow":["GET"]}}],"collection":[{"href":"https:\/\/www.hranazapse.si\/hr\/wp-json\/wp\/v2\/product"}],"about":[{"href":"https:\/\/www.hranazapse.si\/hr\/wp-json\/wp\/v2\/types\/product"}],"replies":[{"embeddable":true,"href":"https:\/\/www.hranazapse.si\/hr\/wp-json\/wp\/v2\/comments?post=171299"}],"wp:featuredmedia":[{"embeddable":true,"href":"https:\/\/www.hranazapse.si\/hr\/wp-json\/wp\/v2\/media\/171301"}],"wp:attachment":[{"href":"https:\/\/www.hranazapse.si\/hr\/wp-json\/wp\/v2\/media?parent=171299"}],"wp:term":[{"taxonomy":"product_cat","embeddable":true,"href":"https:\/\/www.hranazapse.si\/hr\/wp-json\/wp\/v2\/product_cat?post=171299"},{"taxonomy":"product_tag","embeddable":true,"href":"https:\/\/www.hranazapse.si\/hr\/wp-json\/wp\/v2\/product_tag?post=171299"}],"curies":[{"name":"wp","href":"https:\/\/api.w.org\/{rel}","templated":true}]}}