{"id":171310,"date":"2017-01-15T14:41:46","date_gmt":"2017-01-15T13:41:46","guid":{"rendered":"https:\/\/www.hranazapse.si\/shop\/Bez kategorije\/primordial-puppy-meat-fresh-sea-fish\/"},"modified":"2017-01-15T14:41:46","modified_gmt":"2017-01-15T13:41:46","slug":"primordial-puppy-meat-fresh-sea-fish","status":"publish","type":"product","link":"https:\/\/www.hranazapse.si\/hr\/shop\/psi\/pasja-hrana\/suha-hrana-za-pse\/primordial-puppy-meat-fresh-sea-fish\/","title":{"rendered":"Primordial Puppy meat &#038; fresh sea fish"},"content":{"rendered":"<p>Primordial Grain-Free Puppy Chicken and Sea Fish je potpuna hrana bez \u017eitarica, bogata proteinima visoke biolo\u0161ke vrijednosti i s odgovaraju\u0107im sastavom aminokiselina. Pile\u0107e meso, koje dolazi isklju\u010divo od \u017eivotinja iz podnog uzgoja, osigurava lako probavljive proteine, s okusom koji psi vole. <\/p>\n<p>Morske ribe, bogate mineralnim solima, osiguravaju lako probavljive proteine i, kao i sve ribe, bogate su omega-3 masnim kiselinama koje zna\u010dajno utje\u010du na ko\u017eu i dlaku te su vrlo korisne za kardiovaskularni sustav (srce i arterije).<\/p>\n<p>Vo\u0107e i povr\u0107e, bogato vitaminima, mineralima i fitonutrijentima, probavna svojstva ananasa, antioksidativno djelovanje nara i \u0161ipka te potporni u\u010dinak sikavice na jetru daju ovom obroku savr\u0161enu ravnote\u017eu okusa i hranjivih tvari \u2013 uistinu cjelovit proizvod koji aktivno doprinosi op\u0107em zdravlju pasa.<\/p>\n<p><strong>Sastav:<\/strong> svje\u017ea riba (35%), dehidrirano pile\u0107e meso (25%), gra\u0161ak, batat, pile\u0107a mast (11%), bob, laneno sjeme (2%), su\u0161ena pulpa repe, kvasac, bra\u0161no od morskih algi (0,3%), su\u0161ena pulpa cikorije, fruktooligosaharidi FOS (0,2%), prebiotik (MOS 0,2%), mojave juka (0,03%), sikavica (Silybum marianum L.) (0,02%), dehidrirana stabljika ananasa (Ananas sativus L.) (0,02%), dehidrirani nar (Punica granatum) (0,02%), dehidrirani \u0161ipak (Rosa Canina L.R., Pendulina L.) (0,002), dehidrirane kupine (Rubus ulmifolius Schott.) (0,0006%), glukozamin (100 mg\/kg), hondroitin sulfat (50 mg\/kg), ekstrakt ru\u017emarina.<\/p>\n<p><strong>Analiti\u010dke vrijednosti:<\/strong><br \/>\nsirovi proteini 30%<br \/>\nmasti 19%<br \/>\nvlaga 8%<br \/>\nsirovi pepeo 8%<br \/>\nsirova vlakna 2,6%<\/p>\n<p>metaboli\u010dka energy 3950 Kcal\/kg<\/p>\n<p><strong>Nutritivni dodaci na kg:<\/strong><br \/>\n3a672a Vitamin A 22500 UI, Vitamin D3 1550 UI, 3a700 Vitamin E (vseracemni-alfa-tokoferil acetat) 190 mg, E4 bakrov sulfat pentahidrat 67 mg, E1 \u017eeljezov karbonat 70 mg, E5 manganov oksid 88 mg, E6 cinkov sulfat monohidrat 211 mg, E2 kalijev jodid 5,04 mg, E8 natrijev selenit 0,39 mg.<\/p>\n<table border=\"1\" cellspacing=\"0\" cellpadding=\"0\">\n<tbody>\n<tr>\n<td style=\"text-align: left;\" colspan=\"9\" width=\"680\">UPUTE ZA PRAVILNU UPOTREBU I PREPORU\u010cENA DNEVNA DOZA:<\/td>\n<\/tr>\n<tr>\n<td style=\"text-align: left;\" valign=\"top\" width=\"161\">O\u010dekivana te\u017eina psa<\/td>\n<td style=\"text-align: left;\" width=\"65\">4 kg<\/td>\n<td style=\"text-align: left;\" width=\"65\">8 kg<\/td>\n<td style=\"text-align: left;\" width=\"65\">12 kg<\/td>\n<td style=\"text-align: left;\" width=\"65\">16 kg<\/td>\n<td style=\"text-align: left;\" width=\"65\">20 kg<\/td>\n<td style=\"text-align: left;\" width=\"65\">25 kg<\/td>\n<td style=\"text-align: left;\" width=\"65\">30 kg<\/td>\n<td style=\"text-align: left;\" width=\"65\">35 kg<\/td>\n<\/tr>\n<tr>\n<td style=\"text-align: left;\" valign=\"top\" width=\"161\">Do 3 mjeseca<\/td>\n<td style=\"text-align: left;\" width=\"65\">70 g<\/td>\n<td style=\"text-align: left;\" width=\"65\">105 g<\/td>\n<td style=\"text-align: left;\" width=\"65\">135 g<\/td>\n<td style=\"text-align: left;\" width=\"65\">160g<\/td>\n<td style=\"text-align: left;\" width=\"65\">190 g<\/td>\n<td style=\"text-align: left;\" width=\"65\">225g<\/td>\n<td style=\"text-align: left;\" width=\"65\">260g<\/td>\n<td style=\"text-align: left;\" width=\"65\">290 g<\/td>\n<\/tr>\n<tr>\n<td style=\"text-align: left;\" valign=\"top\" width=\"161\">Od 3 do 6 mjeseci<\/td>\n<td style=\"text-align: left;\" width=\"65\">70 g<\/td>\n<td style=\"text-align: left;\" width=\"65\">140g<\/td>\n<td style=\"text-align: left;\" width=\"65\">180 g<\/td>\n<td style=\"text-align: left;\" width=\"65\">210 g<\/td>\n<td style=\"text-align: left;\" width=\"65\">250g<\/td>\n<td style=\"text-align: left;\" width=\"65\">295 g<\/td>\n<td style=\"text-align: left;\" width=\"65\">340 g<\/td>\n<td style=\"text-align: left;\" width=\"65\">380 g<\/td>\n<\/tr>\n<tr>\n<td style=\"text-align: left;\" valign=\"top\" width=\"161\">Od 6 do 12 mjeseci<\/td>\n<td style=\"text-align: left;\" width=\"65\">85 g<\/td>\n<td style=\"text-align: left;\" width=\"65\">145 g<\/td>\n<td style=\"text-align: left;\" width=\"65\">185 g<\/td>\n<td style=\"text-align: left;\" width=\"65\">215 g<\/td>\n<td style=\"text-align: left;\" width=\"65\">255 g<\/td>\n<td style=\"text-align: left;\" width=\"65\">300 g<\/td>\n<td style=\"text-align: left;\" width=\"65\">345 g<\/td>\n<td style=\"text-align: left;\" width=\"65\">390 g<\/td>\n<\/tr>\n<\/tbody>\n<\/table>\n","protected":false},"excerpt":{"rendered":"Ukusna, lako probavljiva, bez\u017eitna hrana bogatog okusa svje\u017ee ribe i piletine, osmi\u0161ljena za potrebe \u0161tenaca. Temelji se na prirodnim prehrambenim navikama pasa i ponosi se s \u010dak 70% udjela mesa. Pile\u0107e meso iz podnog uzgoja osigurava lako probavljive proteine i vitamin D, koji se brine za jake i zdrave kosti. Morske ribe osiguravaju unos Omega-3, koji se brine za zdravu i sjajnu dlaku te pove\u0107ava otpornost. Vo\u0107e i povr\u0107e osiguravaju unos vitamina, koji tvom ljubimcu omogu\u0107uju zdrav rast i razvoj.    ","protected":false},"featured_media":171315,"comment_status":"open","ping_status":"closed","template":"","meta":{"_acf_changed":false,"inline_featured_image":false},"product_cat":[3688,3683,3745],"product_tag":[4295],"class_list":{"0":"post-171310","1":"product","2":"type-product","3":"status-publish","4":"has-post-thumbnail","6":"product_brand-primordial","7":"product_cat-pasja-hrana","8":"product_cat-psi","9":"product_cat-suha-hrana-za-pse","10":"product_tag-najprodavanije","11":"pa_pakiranje-12-kg","12":"pa_pakiranje-2-kg","13":"pa_pakiranje-2x12-kg","14":"pa_posebne-potrebe-bez-zitarica","15":"pa_posebne-potrebe-podrska-za-kozu-i-dlaku","16":"pa_starostno-obdobje-macici","17":"pa_velikost-pasme-mali","18":"pa_velikost-pasme-srednji","19":"pa_velikost-pasme-veliki","20":"pa_zivalska-beljakovina-piletina","21":"pa_zivalska-beljakovina-riba","23":"first","24":"instock","25":"sale","26":"taxable","27":"shipping-taxable","28":"purchasable","29":"product-type-variable"},"acf":[],"gallery_images":[],"_links":{"self":[{"href":"https:\/\/www.hranazapse.si\/hr\/wp-json\/wp\/v2\/product\/171310","targetHints":{"allow":["GET"]}}],"collection":[{"href":"https:\/\/www.hranazapse.si\/hr\/wp-json\/wp\/v2\/product"}],"about":[{"href":"https:\/\/www.hranazapse.si\/hr\/wp-json\/wp\/v2\/types\/product"}],"replies":[{"embeddable":true,"href":"https:\/\/www.hranazapse.si\/hr\/wp-json\/wp\/v2\/comments?post=171310"}],"wp:featuredmedia":[{"embeddable":true,"href":"https:\/\/www.hranazapse.si\/hr\/wp-json\/wp\/v2\/media\/171315"}],"wp:attachment":[{"href":"https:\/\/www.hranazapse.si\/hr\/wp-json\/wp\/v2\/media?parent=171310"}],"wp:term":[{"taxonomy":"product_cat","embeddable":true,"href":"https:\/\/www.hranazapse.si\/hr\/wp-json\/wp\/v2\/product_cat?post=171310"},{"taxonomy":"product_tag","embeddable":true,"href":"https:\/\/www.hranazapse.si\/hr\/wp-json\/wp\/v2\/product_tag?post=171310"}],"curies":[{"name":"wp","href":"https:\/\/api.w.org\/{rel}","templated":true}]}}