{"id":171346,"date":"2017-01-23T10:10:05","date_gmt":"2017-01-23T09:10:05","guid":{"rendered":"https:\/\/www.hranazapse.si\/shop\/Bez%20kategorije\/meglium-dog-adult-jagnetina-riz\/"},"modified":"2026-05-08T08:59:49","modified_gmt":"2026-05-08T06:59:49","slug":"meglium-dog-adult-jagnetina-riz","status":"publish","type":"product","link":"https:\/\/www.hranazapse.si\/hr\/shop\/psi\/pasja-hrana\/suha-hrana-za-pse\/meglium-dog-adult-jagnetina-riz\/","title":{"rendered":"Meglium Dog Adult Jagnetina &#038; Ri\u017e"},"content":{"rendered":"<p><strong>Sastav: <\/strong>dehidrirano meso (30%, od \u010dega je jagnetine 8%), kukuruz, ri\u017ea (15%), p\u0161enica, pile\u0107a mast, kukuruzna krupica, su\u0161ena pulpa repe (2%), kvasac, minerali.<\/p>\n<p><strong>Analiti\u010dki sastav:<br \/>\n<\/strong>sirove bjelan\u010devine 23%<br \/>\nmasti 14%<br \/>\nvlaga 8%<br \/>\nsirovi pepeo 7,4%<br \/>\nsirova vlakna 2,6%<\/p>\n<p>metaboli\u010dka energija 3600 Kcal \/kg<\/p>\n<p><strong>Nutritivne dodaci po kg: <\/strong>3a672a Vitamin A 13500 UI, Vitamin D3 950 UI, 3a700 Vitamin E (sve-rac-alfa-tokoferil acetat) 115 mg, E4 bakrov sulfat pentahidrat 47 mg, E1 \u017eeljezov karbonat 50 mg, E5 manganov oksid 62 mg, E6 cinkov sulfat monohidrat 148 mg, E2 kalijev jodid 1,2 mg, E8 natrijev selenit 0,264 mg<\/p>\n<table border=\"1\" cellspacing=\"0\" cellpadding=\"0\">\n<tbody>\n<tr>\n<td colspan=\"6\" width=\"680\">\n<p style=\"text-align: left;\">Preporu\u010dena dnevna doza:<\/p>\n<\/td>\n<\/tr>\n<tr>\n<td width=\"58\">25 kg<\/td>\n<td width=\"58\">30 kg<\/td>\n<td width=\"58\">35 kg<\/td>\n<td width=\"58\">40 kg<\/td>\n<td width=\"58\">45 kg<\/td>\n<\/tr>\n<tr>\n<td width=\"58\">320 g<\/td>\n<td width=\"58\">360 g<\/td>\n<td width=\"58\">400 g<\/td>\n<td width=\"58\">435 g<\/td>\n<td width=\"58\">470 g<\/td>\n<\/tr>\n<\/tbody>\n<\/table>\n<p><span style=\"font-size: 11px;\"> <\/span><\/p>\n","protected":false},"excerpt":{"rendered":"Uravnote\u017eena hrana stvorena za potrebe odraslih pasa s osjetljivim \u017eelucem, s jagnetinom i ri\u017eom. Mlado meso jagnetine ne sadr\u017ei puno masti i bogato je vitaminima i mineralima kao \u0161to su cink i \u017eeljezo, koji pru\u017eaju podr\u0161ku imunolo\u0161kom sustavu i osiguravaju dobrobit tvog ljubimca. Lako probavljiva ri\u017ea pak povoljno utje\u010de na crijevnu floru i ne uzrokuje alergije.  ","protected":false},"featured_media":171349,"comment_status":"open","ping_status":"closed","template":"","meta":{"_acf_changed":false,"inline_featured_image":false},"product_cat":[3828,3688,3683,3745],"product_tag":[],"class_list":{"0":"post-171346","1":"product","2":"type-product","3":"status-publish","4":"has-post-thumbnail","6":"product_brand-meglium","7":"product_cat-ekonomicna-pakiranja","8":"product_cat-pasja-hrana","9":"product_cat-psi","10":"product_cat-suha-hrana-za-pse","11":"pa_pakiranje-14-kg","12":"pa_pakiranje-2-x-14-kg","13":"pa_pakiranje-25-kg","14":"pa_posebne-potrebe-podrska-probavi","15":"pa_starostno-obdobje-odrasli","16":"pa_velikost-pasme-mali","17":"pa_velikost-pasme-srednji","18":"pa_velikost-pasme-veliki","19":"pa_zivalska-beljakovina-janjetina","20":"pa_zivalska-beljakovina-mijesano-meso","21":"pa_zivalska-beljakovina-piletina","23":"first","24":"instock","25":"sale","26":"taxable","27":"shipping-taxable","28":"purchasable","29":"product-type-variable"},"acf":[],"gallery_images":[],"_links":{"self":[{"href":"https:\/\/www.hranazapse.si\/hr\/wp-json\/wp\/v2\/product\/171346","targetHints":{"allow":["GET"]}}],"collection":[{"href":"https:\/\/www.hranazapse.si\/hr\/wp-json\/wp\/v2\/product"}],"about":[{"href":"https:\/\/www.hranazapse.si\/hr\/wp-json\/wp\/v2\/types\/product"}],"replies":[{"embeddable":true,"href":"https:\/\/www.hranazapse.si\/hr\/wp-json\/wp\/v2\/comments?post=171346"}],"wp:featuredmedia":[{"embeddable":true,"href":"https:\/\/www.hranazapse.si\/hr\/wp-json\/wp\/v2\/media\/171349"}],"wp:attachment":[{"href":"https:\/\/www.hranazapse.si\/hr\/wp-json\/wp\/v2\/media?parent=171346"}],"wp:term":[{"taxonomy":"product_cat","embeddable":true,"href":"https:\/\/www.hranazapse.si\/hr\/wp-json\/wp\/v2\/product_cat?post=171346"},{"taxonomy":"product_tag","embeddable":true,"href":"https:\/\/www.hranazapse.si\/hr\/wp-json\/wp\/v2\/product_tag?post=171346"}],"curies":[{"name":"wp","href":"https:\/\/api.w.org\/{rel}","templated":true}]}}