{"id":171442,"date":"2018-01-31T14:03:10","date_gmt":"2018-01-31T13:03:10","guid":{"rendered":"https:\/\/www.hranazapse.si\/shop\/Bez kategorije\/nd-cat-quinoa-quail-skin-coat\/"},"modified":"2018-01-31T14:03:10","modified_gmt":"2018-01-31T13:03:10","slug":"nd-cat-quinoa-quail-skin-coat","status":"publish","type":"product","link":"https:\/\/www.hranazapse.si\/hr\/shop\/macke\/hrana-za-macke\/suha-hrana-za-macke\/nd-cat-quinoa-quail-skin-coat\/","title":{"rendered":"N&#038;D CAT Quinoa Quail Skin &#038; Coat"},"content":{"rendered":"<p><strong>Sastav:<\/strong><br \/>\nSvje\u017ea prepelica (18%), dehidrirano prepeli\u010dje meso (18%), gra\u0161kov \u0161krob, riblje ulje haringe, sjemenke kvinoje (8%), laneno sjeme, osu\u0161eni kokos (2,5%), korijen kurkume (2,5%), inulin, fruktooligosaharidi, ekstrakt kvasca (izvor mananoligosaharida), indijski trpotec, kalcijev karbonat, dikalcijev fosfat, kalcijev sulfat dihidrat, kalijev klorid, natrijev klorid, osu\u0161eni pivski kvasac, glukozamin, hondroitin sulfat, ekstrakt nevena (izvor luteina).<\/p>\n<p><strong>Analiti\u010dki sastav:<\/strong><br \/>\nSirovi proteini 30,00%; sirove masti i ulja 16,00%; sirova vlakna 2,30%; vla\u017enost (max) 9,00%; sirovi pepeo 6,80%; kalcij 1,20%; fosfor 0,90%; magnezij 0,09%; omega-6 masne kiseline 2,00%; omega-3 masne kiseline 1,20%; DHA 0,60%; EPA 0,30%; glukozamin 1200mg\/kg; hondroitin 900mg\/kg.<\/p>\n<p><strong>Dodaci po kg:<\/strong><br \/>\nPrehrambeni dodaci: vitamin A 32000IU; vitamin D3 1500IU; vitamin E 600mg; vitamin C 300mg; niacin 150mg; pantotenska kiselina 50mg; vitamin B2 20mg; vitamin B6 8,1mg; vitamin B1 10mg; vitamin H 1,5mg; folna kiselina 1,5mg; vitamin B12 0,1mg; holin klorid 2500mg; beta-karoten 5mg; cinkov kelat analogne metionin hidroksilaze 910mg; manganov kelat analogne metionin hidroksilaze 380mg; \u017eeljezov kelat glicin hidrata 250mg; bakrov kelat analogne metionin hidroksilaze 88mg; selenizirani kvasac neaktivan 0,40mg; DL\u2010metionin 3000mg; taurin 3000mg, L-lizin HCl 1000mg; L-cistein 700mg; L-triptofan 600mg. Organolepti\u010dki dodaci: ekstrakt aloe vere 1000mg; ekstrakt zelenog \u010daja 100mg; ekstrakt ru\u017emarina. Antioksidansi: s tokoferolom bogati ekstrakti prirodnog podrijetla.  <\/p>\n","protected":false},"excerpt":{"rendered":"Hrana za odrasle ma\u010dke s prepelicom, kvinojom, kokosom i kurkumom, stvorena za potporu ko\u017ei i dlaci. Prepelica je bogata proteinima i esencijalnim aminokiselinama. Kvinoja uz pomo\u0107 fitonutrijenata ubla\u017euje upale i djeluje antialergijski. Kurkuma pak \u010disti ko\u017eu te joj vra\u0107a elasti\u010dnost i meko\u0107u.   ","protected":false},"featured_media":29059,"comment_status":"open","ping_status":"closed","template":"","meta":{"_acf_changed":false,"inline_featured_image":false},"product_cat":[3692,3691,3718],"product_tag":[],"class_list":{"0":"post-171442","1":"product","2":"type-product","3":"status-publish","4":"has-post-thumbnail","6":"product_brand-nd","7":"product_cat-hrana-za-macke","8":"product_cat-macke","9":"product_cat-suha-hrana-za-macke","10":"pa_pakiranje-15-kg","11":"pa_pakiranje-300-g","12":"pa_pakiranje-5-kg","13":"pa_posebne-potrebe-bez-zitarica","14":"pa_posebne-potrebe-podrska-za-kozu-i-dlaku","15":"pa_starostno-obdobje-odrasli","16":"pa_velikost-pasme-mali","17":"pa_velikost-pasme-srednji","18":"pa_zivalska-beljakovina-prepelica","19":"pa_zivalska-beljakovina-riba","21":"first","22":"instock","23":"taxable","24":"shipping-taxable","25":"purchasable","26":"product-type-variable"},"acf":[],"gallery_images":[],"_links":{"self":[{"href":"https:\/\/www.hranazapse.si\/hr\/wp-json\/wp\/v2\/product\/171442","targetHints":{"allow":["GET"]}}],"collection":[{"href":"https:\/\/www.hranazapse.si\/hr\/wp-json\/wp\/v2\/product"}],"about":[{"href":"https:\/\/www.hranazapse.si\/hr\/wp-json\/wp\/v2\/types\/product"}],"replies":[{"embeddable":true,"href":"https:\/\/www.hranazapse.si\/hr\/wp-json\/wp\/v2\/comments?post=171442"}],"wp:featuredmedia":[{"embeddable":true,"href":"https:\/\/www.hranazapse.si\/hr\/wp-json\/wp\/v2\/media\/29059"}],"wp:attachment":[{"href":"https:\/\/www.hranazapse.si\/hr\/wp-json\/wp\/v2\/media?parent=171442"}],"wp:term":[{"taxonomy":"product_cat","embeddable":true,"href":"https:\/\/www.hranazapse.si\/hr\/wp-json\/wp\/v2\/product_cat?post=171442"},{"taxonomy":"product_tag","embeddable":true,"href":"https:\/\/www.hranazapse.si\/hr\/wp-json\/wp\/v2\/product_tag?post=171442"}],"curies":[{"name":"wp","href":"https:\/\/api.w.org\/{rel}","templated":true}]}}